{"id":47630,"date":"2025-06-19T18:17:12","date_gmt":"2025-06-19T18:17:12","guid":{"rendered":"https:\/\/theme-dev.cmsmasters.net\/cargo-trucking\/?page_id=47630"},"modified":"2025-10-26T21:33:36","modified_gmt":"2025-10-26T21:33:36","slug":"sobre-nos","status":"publish","type":"page","link":"https:\/\/bulksweetener.com\/pt\/sobre-nos\/","title":{"rendered":"Sobre n\u00f3s"},"content":{"rendered":"<div data-elementor-type=\"wp-page\" data-elementor-id=\"47630\" class=\"elementor elementor-47630\" data-elementor-post-type=\"page\">\n\t\t\t\t<div class=\"elementor-element elementor-element-ca3fa41 e-con-full e-flex cmsmasters-bg-hide-none cmsmasters-bg-hide-none cmsmasters-block-default e-con e-parent\" data-id=\"ca3fa41\" data-element_type=\"container\" data-e-type=\"container\" data-settings=\"{&quot;background_background&quot;:&quot;classic&quot;}\">\n\t\t<div class=\"elementor-element elementor-element-002e72d e-con-full e-flex cmsmasters-block-default e-con e-child\" data-id=\"002e72d\" data-element_type=\"container\" data-e-type=\"container\">\n\t\t\t\t<div class=\"elementor-element elementor-element-edc96af elementor-icon-list--layout-traditional elementor-list-item-link-full_width cmsmasters-block-default cmsmasters-sticky-default elementor-invisible elementor-widget elementor-widget-icon-list\" data-id=\"edc96af\" data-element_type=\"widget\" data-e-type=\"widget\" data-settings=\"{&quot;_animation&quot;:&quot;cmsmasters-fade-in-left&quot;}\" data-widget_type=\"icon-list.default\">\n\t\t\t\t\t\t\t<ul class=\"elementor-icon-list-items\">\n\t\t\t\t\t\t\t<li class=\"elementor-icon-list-item\">\n\t\t\t\t\t\t\t\t\t\t\t<span class=\"elementor-icon-list-icon\">\n\t\t\t\t\t\t\t<i aria-hidden=\"true\" class=\"cmsmsdemo-icon- cmsms-demo-icon-arrows-2\"><\/i>\t\t\t\t\t\t<\/span>\n\t\t\t\t\t\t\t\t\t\t<span class=\"elementor-icon-list-text\">Sobre n\u00f3s<\/span>\n\t\t\t\t\t\t\t\t\t<\/li>\n\t\t\t\t\t\t<\/ul>\n\t\t\t\t\t\t<\/div>\n\t\t\t\t<div class=\"elementor-element elementor-element-0bf2b78 elementor-widget__width-initial cmsmasters-block-default cmsmasters-sticky-default elementor-invisible elementor-widget elementor-widget-heading\" data-id=\"0bf2b78\" data-element_type=\"widget\" data-e-type=\"widget\" data-settings=\"{&quot;_animation&quot;:&quot;cmsmasters-fade-in-up&quot;,&quot;_animation_delay&quot;:150}\" data-widget_type=\"heading.default\">\n\t\t\t\t\t<h1 class=\"elementor-heading-title elementor-size-default\">Impulsionado pela inova\u00e7\u00e3o, definido pela qualidade<\/h1>\t\t\t\t<\/div>\n\t\t\t\t<\/div>\n\t\t<div class=\"elementor-element elementor-element-d2871fb e-con-full e-flex cmsmasters-block-default e-con e-child\" data-id=\"d2871fb\" data-element_type=\"container\" data-e-type=\"container\">\n\t\t\t\t<div class=\"elementor-element elementor-element-384e93c cmsmasters-block-default cmsmasters-sticky-default elementor-invisible elementor-widget elementor-widget-text-editor\" data-id=\"384e93c\" data-element_type=\"widget\" data-e-type=\"widget\" data-settings=\"{&quot;_animation&quot;:&quot;cmsmasters-fade-in-up&quot;,&quot;_animation_delay&quot;:300}\" data-widget_type=\"text-editor.default\">\n\t\t\t\t\t\t\t\t\t<p data-start=\"171\" data-end=\"282\">Criando solu\u00e7\u00f5es de ado\u00e7antes confi\u00e1veis para marcas que exigem excel\u00eancia.<\/p><hr data-start=\"284\" data-end=\"287\" \/><h3 data-start=\"289\" data-end=\"323\">\u00a0<\/h3>\t\t\t\t\t\t\t\t<\/div>\n\t\t\t\t<\/div>\n\t\t<div class=\"elementor-element elementor-element-1231207 e-con-full cmsmasters-effect cmsmasters-effect-type-transform e-flex cmsmasters-effect-hover-type-element cmsmasters-block-default e-con e-child\" data-id=\"1231207\" data-element_type=\"container\" data-e-type=\"container\" data-settings=\"{&quot;background_background&quot;:&quot;classic&quot;,&quot;position&quot;:&quot;absolute&quot;,&quot;cms_transform_hover_type&quot;:&quot;element&quot;}\">\n\t\t\t\t<\/div>\n\t\t\t\t<\/div>\n\t\t<div class=\"elementor-element elementor-element-0e698f0 e-flex e-con-boxed cmsmasters-block-default e-con e-parent\" data-id=\"0e698f0\" data-element_type=\"container\" data-e-type=\"container\">\n\t\t\t\t\t<div class=\"e-con-inner\">\n\t\t<div class=\"elementor-element elementor-element-6672cee e-con-full e-flex cmsmasters-block-default e-con e-child\" data-id=\"6672cee\" data-element_type=\"container\" data-e-type=\"container\">\n\t\t\t\t<div class=\"elementor-element elementor-element-eca72b0 elementor-widget__width-initial cmsmasters-block-default cmsmasters-sticky-default elementor-invisible elementor-widget elementor-widget-heading\" data-id=\"eca72b0\" data-element_type=\"widget\" data-e-type=\"widget\" data-settings=\"{&quot;_animation&quot;:&quot;cmsmasters-fade-in-up&quot;}\" data-widget_type=\"heading.default\">\n\t\t\t\t\t<h2 class=\"elementor-heading-title elementor-size-default\">Sobre n\u00f3s<\/h2>\t\t\t\t<\/div>\n\t\t\t\t<div class=\"elementor-element elementor-element-f52fd6f cmsmasters-block-default cmsmasters-sticky-default elementor-invisible elementor-widget elementor-widget-text-editor\" data-id=\"f52fd6f\" data-element_type=\"widget\" data-e-type=\"widget\" data-settings=\"{&quot;_animation&quot;:&quot;cmsmasters-fade-in-up&quot;,&quot;_animation_delay&quot;:150}\" data-widget_type=\"text-editor.default\">\n\t\t\t\t\t\t\t\t\t<p style=\"text-align: justify; font-family: Arial, sans-serif; font-size: 16px; line-height: 1.6; color: #333;\">H\u00e1 mais de 15 anos, nos especializamos em projetar e fabricar ado\u00e7antes de alto desempenho para a ind\u00fastria de alimentos e bebidas.<br \/>Nossa sede e unidade de produ\u00e7\u00e3o est\u00e3o localizadas na Catalunha (Tarragona), Espanha, onde gerenciamos P&amp;D, mistura e embalagem de ponta a ponta<br \/>para projetos industriais e de marca pr\u00f3pria.<\/p><p style=\"text-align: justify; font-family: Arial, sans-serif; font-size: 16px; line-height: 1.6; color: #333;\">Fornecemos um portf\u00f3lio completo \u2014 incluindo sucralose, est\u00e9via, eritritol, xilitol e misturas \u2014 projetado para sabor limpo, processamento confi\u00e1vel,<br \/>e documenta\u00e7\u00e3o de conformidade (CoA\/TDS). Nossa equipe tamb\u00e9m desenvolve formula\u00e7\u00f5es personalizadas e linhas de marca branca para marcas internacionais.<\/p><p style=\"text-align: justify; font-family: Arial, sans-serif; font-size: 16px; line-height: 1.6; color: #333;\">Para atender clientes globais com prazos de entrega mais r\u00e1pidos, operamos centros de armazenamento regionais em <strong>EUA<\/strong>, o <strong>Reino Unido<\/strong>,<br \/>e <strong>Austr\u00e1lia<\/strong>. Nossa marca de consumo, <strong>Dulcilight<\/strong>, ganhou reconhecimento internacional, incluindo um pr\u00eamio de sabor em 2022<br \/>para \u201cEdulcorante Moreno\u201d, ressaltando nosso foco no sabor sem concess\u00f5es.<\/p>\t\t\t\t\t\t\t\t<\/div>\n\t\t\t\t<\/div>\n\t\t<div class=\"elementor-element elementor-element-5f58e08 e-con-full e-flex cmsmasters-block-default e-con e-child\" data-id=\"5f58e08\" data-element_type=\"container\" data-e-type=\"container\">\n\t\t\t\t<div class=\"elementor-element elementor-element-284c8f0 cmsmasters-block-default cmsmasters-sticky-default elementor-widget elementor-widget-image\" data-id=\"284c8f0\" data-element_type=\"widget\" data-e-type=\"widget\" data-widget_type=\"image.default\">\n\t\t\t\t\t\t\t\t\t\t\t\t\t\t\t<img fetchpriority=\"high\" decoding=\"async\" width=\"2560\" height=\"1920\" src=\"https:\/\/bulksweetener.com\/wp-content\/uploads\/2025\/10\/bulk-sweetener-about-us-factory-image-scaled.webp\" class=\"attachment-full size-full wp-image-51790\" alt=\"\" srcset=\"https:\/\/bulksweetener.com\/wp-content\/uploads\/2025\/10\/bulk-sweetener-about-us-factory-image-scaled.webp 2560w, https:\/\/bulksweetener.com\/wp-content\/uploads\/2025\/10\/bulk-sweetener-about-us-factory-image-300x225.webp 300w, https:\/\/bulksweetener.com\/wp-content\/uploads\/2025\/10\/bulk-sweetener-about-us-factory-image-1024x768.webp 1024w, https:\/\/bulksweetener.com\/wp-content\/uploads\/2025\/10\/bulk-sweetener-about-us-factory-image-768x576.webp 768w, https:\/\/bulksweetener.com\/wp-content\/uploads\/2025\/10\/bulk-sweetener-about-us-factory-image-1536x1152.webp 1536w, https:\/\/bulksweetener.com\/wp-content\/uploads\/2025\/10\/bulk-sweetener-about-us-factory-image-2048x1536.webp 2048w, https:\/\/bulksweetener.com\/wp-content\/uploads\/2025\/10\/bulk-sweetener-about-us-factory-image-400x300.webp 400w, https:\/\/bulksweetener.com\/wp-content\/uploads\/2025\/10\/bulk-sweetener-about-us-factory-image-600x450.webp 600w\" sizes=\"(max-width: 2560px) 100vw, 2560px\" title=\"\">\t\t\t\t\t\t\t\t\t\t\t\t\t\t\t<\/div>\n\t\t\t\t<\/div>\n\t\t\t\t\t<\/div>\n\t\t\t\t<\/div>\n\t\t<div class=\"elementor-element elementor-element-2686528 e-con-full e-flex cmsmasters-block-default e-con e-parent\" data-id=\"2686528\" data-element_type=\"container\" data-e-type=\"container\">\n\t\t\t\t<div class=\"elementor-element elementor-element-c887076 cmsmasters-block-default cmsmasters-sticky-default elementor-widget elementor-widget-html\" data-id=\"c887076\" data-element_type=\"widget\" data-e-type=\"widget\" data-widget_type=\"html.default\">\n\t\t\t\t\t<script src=\"https:\/\/js-eu1.hsforms.net\/forms\/embed\/139609173.js\" defer><\/script>\n<div class=\"hs-form-frame\" data-region=\"eu1\" data-form-id=\"0f7faee3-8c10-4b62-8545-749e93c9aebb\" data-portal-id=\"139609173\"><\/div>\t\t\t\t<\/div>\n\t\t\t\t<\/div>\n\t\t\t\t<\/div>\n\t\t\n\n<div class=\"kk-star-ratings kksr-auto kksr-align-right kksr-valign-bottom\"\n    data-payload='{&quot;align&quot;:&quot;right&quot;,&quot;id&quot;:&quot;47630&quot;,&quot;slug&quot;:&quot;default&quot;,&quot;valign&quot;:&quot;bottom&quot;,&quot;ignore&quot;:&quot;&quot;,&quot;reference&quot;:&quot;auto&quot;,&quot;class&quot;:&quot;&quot;,&quot;count&quot;:&quot;1&quot;,&quot;legendonly&quot;:&quot;&quot;,&quot;readonly&quot;:&quot;&quot;,&quot;score&quot;:&quot;5&quot;,&quot;starsonly&quot;:&quot;&quot;,&quot;best&quot;:&quot;5&quot;,&quot;gap&quot;:&quot;5&quot;,&quot;greet&quot;:&quot;Rate this page&quot;,&quot;legend&quot;:&quot;5\\\/5 - (1 vote)&quot;,&quot;size&quot;:&quot;24&quot;,&quot;title&quot;:&quot;About Us&quot;,&quot;width&quot;:&quot;142.5&quot;,&quot;_legend&quot;:&quot;{score}\\\/{best} - ({count} {votes})&quot;,&quot;font_factor&quot;:&quot;1.25&quot;}'>\n            \n<div class=\"kksr-stars\">\n    \n<div class=\"kksr-stars-inactive\">\n            <div class=\"kksr-star\" data-star=\"1\" style=\"padding-right: 5px\">\n            \n\n<div class=\"kksr-icon\" style=\"width: 24px; height: 24px;\"><\/div>\n        <\/div>\n            <div class=\"kksr-star\" data-star=\"2\" style=\"padding-right: 5px\">\n            \n\n<div class=\"kksr-icon\" style=\"width: 24px; height: 24px;\"><\/div>\n        <\/div>\n            <div class=\"kksr-star\" data-star=\"3\" style=\"padding-right: 5px\">\n            \n\n<div class=\"kksr-icon\" style=\"width: 24px; height: 24px;\"><\/div>\n        <\/div>\n            <div class=\"kksr-star\" data-star=\"4\" style=\"padding-right: 5px\">\n            \n\n<div class=\"kksr-icon\" style=\"width: 24px; height: 24px;\"><\/div>\n        <\/div>\n            <div class=\"kksr-star\" data-star=\"5\" style=\"padding-right: 5px\">\n            \n\n<div class=\"kksr-icon\" style=\"width: 24px; height: 24px;\"><\/div>\n        <\/div>\n    <\/div>\n    \n<div class=\"kksr-stars-active\" style=\"width: 142.5px;\">\n            <div class=\"kksr-star\" style=\"padding-right: 5px\">\n            \n\n<div class=\"kksr-icon\" style=\"width: 24px; height: 24px;\"><\/div>\n        <\/div>\n            <div class=\"kksr-star\" style=\"padding-right: 5px\">\n            \n\n<div class=\"kksr-icon\" style=\"width: 24px; height: 24px;\"><\/div>\n        <\/div>\n            <div class=\"kksr-star\" style=\"padding-right: 5px\">\n            \n\n<div class=\"kksr-icon\" style=\"width: 24px; height: 24px;\"><\/div>\n        <\/div>\n            <div class=\"kksr-star\" style=\"padding-right: 5px\">\n            \n\n<div class=\"kksr-icon\" style=\"width: 24px; height: 24px;\"><\/div>\n        <\/div>\n            <div class=\"kksr-star\" style=\"padding-right: 5px\">\n            \n\n<div class=\"kksr-icon\" style=\"width: 24px; height: 24px;\"><\/div>\n        <\/div>\n    <\/div>\n<\/div>\n                \n\n<div class=\"kksr-legend\" style=\"font-size: 19.2px;\">\n            5\/5 - (1 vote)    <\/div>\n    <\/div>","protected":false},"excerpt":{"rendered":"<p>About Us Driven by Innovation, Defined by Quality Crafting reliable sweetening solutions for brands that demand excellence. \u00a0 About Us For over 15 years, we have specialized in designing and manufacturing high-performance sweeteners for the food and beverage industry.Our headquarters and production facility are based in Catalonia (Tarragona), Spain, where we manage end-to-end R&amp;D, blending,&#8230;<\/p>","protected":false},"author":2,"featured_media":0,"parent":0,"menu_order":0,"comment_status":"closed","ping_status":"closed","template":"","meta":{"_acf_changed":false,"content-type":"","footnotes":""},"class_list":["post-47630","page","type-page","status-publish","hentry"],"acf":[],"_links":{"self":[{"href":"https:\/\/bulksweetener.com\/pt\/wp-json\/wp\/v2\/pages\/47630","targetHints":{"allow":["GET"]}}],"collection":[{"href":"https:\/\/bulksweetener.com\/pt\/wp-json\/wp\/v2\/pages"}],"about":[{"href":"https:\/\/bulksweetener.com\/pt\/wp-json\/wp\/v2\/types\/page"}],"author":[{"embeddable":true,"href":"https:\/\/bulksweetener.com\/pt\/wp-json\/wp\/v2\/users\/2"}],"replies":[{"embeddable":true,"href":"https:\/\/bulksweetener.com\/pt\/wp-json\/wp\/v2\/comments?post=47630"}],"version-history":[{"count":0,"href":"https:\/\/bulksweetener.com\/pt\/wp-json\/wp\/v2\/pages\/47630\/revisions"}],"wp:attachment":[{"href":"https:\/\/bulksweetener.com\/pt\/wp-json\/wp\/v2\/media?parent=47630"}],"curies":[{"name":"wp","href":"https:\/\/api.w.org\/{rel}","templated":true}]}}