{"id":52110,"date":"2025-10-27T22:27:45","date_gmt":"2025-10-27T22:27:45","guid":{"rendered":"https:\/\/bulksweetener.com\/?page_id=52110"},"modified":"2025-10-27T22:33:31","modified_gmt":"2025-10-27T22:33:31","slug":"juridisks-pazinojums","status":"publish","type":"page","link":"https:\/\/bulksweetener.com\/lv\/juridisks-pazinojums\/","title":{"rendered":"juridisks pazi\u0146ojums"},"content":{"rendered":"<div data-elementor-type=\"wp-page\" data-elementor-id=\"52110\" class=\"elementor elementor-52110\" data-elementor-post-type=\"page\">\n\t\t\t\t<div class=\"elementor-element elementor-element-ac384ec e-flex e-con-boxed cmsmasters-block-default e-con e-parent\" data-id=\"ac384ec\" data-element_type=\"container\" data-e-type=\"container\">\n\t\t\t\t\t<div class=\"e-con-inner\">\n\t\t\t\t\t<\/div>\n\t\t\t\t<\/div>\n\t\t<div class=\"elementor-element elementor-element-b1661e5 e-flex e-con-boxed cmsmasters-block-default e-con e-parent\" data-id=\"b1661e5\" data-element_type=\"container\" data-e-type=\"container\">\n\t\t\t\t\t<div class=\"e-con-inner\">\n\t\t\t\t<div class=\"elementor-element elementor-element-a3e9821 cmsmasters-block-default cmsmasters-sticky-default elementor-widget elementor-widget-html\" data-id=\"a3e9821\" data-element_type=\"widget\" data-e-type=\"widget\" data-widget_type=\"html.default\">\n\t\t\t\t\t<!-- ============= PAGE 1: LEGAL NOTICE (EN) ============= -->\n<div id=\"legal-notice\"\n     oncopy=\"return false\" oncut=\"return false\" oncontextmenu=\"return false\" ondragstart=\"return false\"\n     style=\"font-family:Arial, sans-serif; color:#222; line-height:1.6; font-size:15px; -webkit-user-select:none; -moz-user-select:none; -ms-user-select:none; user-select:none;\">\n  <style>\n    #legal-notice h1, #legal-notice h2, #legal-notice h3 { margin:18px 0 8px; }\n    #legal-notice p, #legal-notice li { margin:6px 0; }\n    #legal-notice a { text-decoration:underline; pointer-events:auto; }\n    #legal-notice .box { background:#fff; border:1px solid #e6e6e6; border-radius:8px; padding:16px; margin:14px 0; }\n    #legal-notice .muted { color:#666; font-size:13px; }\n  <\/style>\n\n  <h1>Juridiskais pazi\u0146ojums<\/h1>\n\n  <div class=\"box\">\n    <h2>T\u012bmek\u013ca vietnes \u012bpa\u0161nieks<\/h2>\n    <p><strong>Vietne:<\/strong> <a href=\"https:\/\/bulksweetener.com\/lv\/\" target=\"_blank\" rel=\"noopener\">https:\/\/bulksweetener.com\/<\/a><\/p>\n    <p><strong>P\u0101rzinis\/tirdzniec\u012bbas nosaukums:<\/strong> Masas saldin\u0101t\u0101js (pieder Edulcodiet SL)<\/p>\n    <p><strong>Uz\u0146\u0113muma ID (Sp\u0101nija):<\/strong> CIF B55553473<\/p>\n    <p><strong>Galvenais birojs:<\/strong> Katalonija, Sp\u0101nija<\/p>\n    <p><strong>Kontaktpersona (visp\u0101r\u0113j\u0101\/juridisk\u0101):<\/strong> gestion@edulcodiet.com | +34 977 615 929<\/p>\n  <\/div>\n\n  <div class=\"box\">\n    <h2>Vietnes m\u0113r\u0137is<\/h2>\n    <p>\u0160\u012b t\u012bmek\u013ca vietne sniedz inform\u0101ciju par saldin\u0101t\u0101jiem un saist\u012btajiem pakalpojumiem uz\u0146\u0113mumiem (B2B), k\u0101 ar\u012b \u013cauj potenci\u0101lajiem klientiem iesniegt piepras\u012bjumus par cenu pied\u0101v\u0101jumiem, paraugiem vai komerci\u0101lu inform\u0101ciju.<\/p>\n  <\/div>\n\n  <div class=\"box\">\n    <h2>R\u016bpnieciskais un intelektu\u0101lais \u012bpa\u0161ums<\/h2>\n    <p>\u0160\u012bs vietnes saturs, tostarp teksti, att\u0113li, pre\u010du z\u012bmes, logotipi, produktu nosaukumi, grafika un kods, ir aizsarg\u0101ts ar piem\u0113rojamajiem intelektu\u0101l\u0101 un r\u016bpniecisk\u0101 \u012bpa\u0161uma likumiem. Jebk\u0101da reproduc\u0113\u0161ana, izplat\u012b\u0161ana vai p\u0101rveido\u0161ana bez iepriek\u0161\u0113jas rakstiskas at\u013caujas ir aizliegta.<\/p>\n  <\/div>\n\n  <div class=\"box\">\n    <h2>Satura precizit\u0101te un pieejam\u012bba<\/h2>\n    <p>Inform\u0101cija tiek sniegta \u201ct\u0101d\u0101 st\u0101vokl\u012b, k\u0101d\u0101 t\u0101 ir\u201d, visp\u0101r\u012bgas vadl\u012bnijas nol\u016bkos. Tehnisk\u0101s lapas, pied\u0101v\u0101jumi un parakst\u012btie l\u012bgumi ir preval\u0113jo\u0161i p\u0101r t\u012bmek\u013ca vietnes saturu. M\u0113s jebkur\u0101 laik\u0101 varam bez iepriek\u0161\u0113ja br\u012bdin\u0101juma main\u012bt vai aptur\u0113t vietnes vai t\u0101s satura darb\u012bbu.<\/p>\n  <\/div>\n\n  <div class=\"box\">\n    <h2>Atbild\u012bba<\/h2>\n    <p>Cikt\u0101l to at\u013cauj likums, m\u0113s neesam atbild\u012bgi par netie\u0161iem vai izrieto\u0161iem zaud\u0113jumiem, kas radu\u0161ies vietnes lieto\u0161anas vai nesp\u0113jas to lietot rezult\u0101t\u0101, k\u0101 ar\u012b par tre\u0161o pu\u0161u saturu, kas pieejams, izmantojot \u0101r\u0113j\u0101s saites.<\/p>\n  <\/div>\n\n  <div class=\"box\">\n    <h2>Pie\u0146emama lieto\u0161ana<\/h2>\n    <p>J\u016bs piekr\u012btat nelietot vietni \u013caunpr\u0101t\u012bgi (piem\u0113ram, neieviest \u013caunpr\u0101t\u012bgu programmat\u016bru; nem\u0113\u0123in\u0101t neat\u013cautu piek\u013cuvi; neieg\u016bt datus, p\u0101rk\u0101pjot \u0161os noteikumus vai piem\u0113rojamos likumus).<\/p>\n  <\/div>\n\n  <div class=\"box\">\n    <h2>Tre\u0161o pu\u0161u pakalpojumi<\/h2>\n    <p>Vietn\u0113 var b\u016bt integr\u0113ti tre\u0161o pu\u0161u pakalpojumi (piem\u0113ram, HubSpot veidlap\u0101m\/CRM). Uz \u0161iem pakalpojumiem attiecas to pa\u0161u noteikumi un politikas.<\/p>\n  <\/div>\n\n  <div class=\"box\">\n    <h2>Jurisdikcija un piem\u0113rojamie ties\u012bbu akti<\/h2>\n    <p>Neskarot oblig\u0101tos pat\u0113r\u0113t\u0101ju\/datu aizsardz\u012bbas noteikumus, piem\u0113ro Sp\u0101nijas ties\u012bbu aktus, un jurisdikcija ir Tarragonas ties\u0101m. Lietot\u0101jiem cit\u0101s valst\u012bs j\u016bsu jurisdikcijas oblig\u0101tie aizsardz\u012bbas pas\u0101kumi paliek sp\u0113k\u0101.<\/p>\n    <p class=\"muted\">P\u0113d\u0113joreiz atjaunin\u0101ts: 2025. gada 27. oktobr\u012b<\/p>\n  <\/div>\n<\/div>\n\t\t\t\t<\/div>\n\t\t\t\t\t<\/div>\n\t\t\t\t<\/div>\n\t\t\t\t<\/div>\n\t\t\n\n<div class=\"kk-star-ratings kksr-auto kksr-align-right kksr-valign-bottom\"\n    data-payload='{&quot;align&quot;:&quot;right&quot;,&quot;id&quot;:&quot;52110&quot;,&quot;slug&quot;:&quot;default&quot;,&quot;valign&quot;:&quot;bottom&quot;,&quot;ignore&quot;:&quot;&quot;,&quot;reference&quot;:&quot;auto&quot;,&quot;class&quot;:&quot;&quot;,&quot;count&quot;:&quot;0&quot;,&quot;legendonly&quot;:&quot;&quot;,&quot;readonly&quot;:&quot;&quot;,&quot;score&quot;:&quot;0&quot;,&quot;starsonly&quot;:&quot;&quot;,&quot;best&quot;:&quot;5&quot;,&quot;gap&quot;:&quot;5&quot;,&quot;greet&quot;:&quot;Rate this page&quot;,&quot;legend&quot;:&quot;0\\\/5 - (0 votes)&quot;,&quot;size&quot;:&quot;24&quot;,&quot;title&quot;:&quot;legal notice&quot;,&quot;width&quot;:&quot;0&quot;,&quot;_legend&quot;:&quot;{score}\\\/{best} - ({count} {votes})&quot;,&quot;font_factor&quot;:&quot;1.25&quot;}'>\n            \n<div class=\"kksr-stars\">\n    \n<div class=\"kksr-stars-inactive\">\n            <div class=\"kksr-star\" data-star=\"1\" style=\"padding-right: 5px\">\n            \n\n<div class=\"kksr-icon\" style=\"width: 24px; height: 24px;\"><\/div>\n        <\/div>\n            <div class=\"kksr-star\" data-star=\"2\" style=\"padding-right: 5px\">\n            \n\n<div class=\"kksr-icon\" style=\"width: 24px; height: 24px;\"><\/div>\n        <\/div>\n            <div class=\"kksr-star\" data-star=\"3\" style=\"padding-right: 5px\">\n            \n\n<div class=\"kksr-icon\" style=\"width: 24px; height: 24px;\"><\/div>\n        <\/div>\n            <div class=\"kksr-star\" data-star=\"4\" style=\"padding-right: 5px\">\n            \n\n<div class=\"kksr-icon\" style=\"width: 24px; height: 24px;\"><\/div>\n        <\/div>\n            <div class=\"kksr-star\" data-star=\"5\" style=\"padding-right: 5px\">\n            \n\n<div class=\"kksr-icon\" style=\"width: 24px; height: 24px;\"><\/div>\n        <\/div>\n    <\/div>\n    \n<div class=\"kksr-stars-active\" style=\"width: 0px;\">\n            <div class=\"kksr-star\" style=\"padding-right: 5px\">\n            \n\n<div class=\"kksr-icon\" style=\"width: 24px; height: 24px;\"><\/div>\n        <\/div>\n            <div class=\"kksr-star\" style=\"padding-right: 5px\">\n            \n\n<div class=\"kksr-icon\" style=\"width: 24px; height: 24px;\"><\/div>\n        <\/div>\n            <div class=\"kksr-star\" style=\"padding-right: 5px\">\n            \n\n<div class=\"kksr-icon\" style=\"width: 24px; height: 24px;\"><\/div>\n        <\/div>\n            <div class=\"kksr-star\" style=\"padding-right: 5px\">\n            \n\n<div class=\"kksr-icon\" style=\"width: 24px; height: 24px;\"><\/div>\n        <\/div>\n            <div class=\"kksr-star\" style=\"padding-right: 5px\">\n            \n\n<div class=\"kksr-icon\" style=\"width: 24px; height: 24px;\"><\/div>\n        <\/div>\n    <\/div>\n<\/div>\n                \n\n<div class=\"kksr-legend\" style=\"font-size: 19.2px;\">\n            <span class=\"kksr-muted\">Nov\u0113rt\u0113jiet \u0161o lapu<\/span>\n    <\/div>\n    <\/div>","protected":false},"excerpt":{"rendered":"<p>Legal Notice Owner of the Website Site: https:\/\/bulksweetener.com\/ Controller \/ Trade Name: Bulksweetener (owned by Edulcodiet S.L.) Company ID (Spain): CIF B55553473 Head Office: Catalonia, Spain Contact (General\/Legal): gestion@edulcodiet.com &nbsp;|&nbsp; +34 977 615 929 Purpose of the Site This website provides B2B information on sweeteners and related services and enables prospects to submit inquiries for&#8230;<\/p>","protected":false},"author":2,"featured_media":0,"parent":0,"menu_order":0,"comment_status":"closed","ping_status":"closed","template":"","meta":{"_acf_changed":false,"content-type":"","footnotes":""},"class_list":["post-52110","page","type-page","status-publish","hentry"],"acf":[],"_links":{"self":[{"href":"https:\/\/bulksweetener.com\/lv\/wp-json\/wp\/v2\/pages\/52110","targetHints":{"allow":["GET"]}}],"collection":[{"href":"https:\/\/bulksweetener.com\/lv\/wp-json\/wp\/v2\/pages"}],"about":[{"href":"https:\/\/bulksweetener.com\/lv\/wp-json\/wp\/v2\/types\/page"}],"author":[{"embeddable":true,"href":"https:\/\/bulksweetener.com\/lv\/wp-json\/wp\/v2\/users\/2"}],"replies":[{"embeddable":true,"href":"https:\/\/bulksweetener.com\/lv\/wp-json\/wp\/v2\/comments?post=52110"}],"version-history":[{"count":0,"href":"https:\/\/bulksweetener.com\/lv\/wp-json\/wp\/v2\/pages\/52110\/revisions"}],"wp:attachment":[{"href":"https:\/\/bulksweetener.com\/lv\/wp-json\/wp\/v2\/media?parent=52110"}],"curies":[{"name":"wp","href":"https:\/\/api.w.org\/{rel}","templated":true}]}}