{"id":52122,"date":"2025-10-27T22:32:13","date_gmt":"2025-10-27T22:32:13","guid":{"rendered":"https:\/\/bulksweetener.com\/?page_id=52122"},"modified":"2025-10-27T22:33:41","modified_gmt":"2025-10-27T22:33:41","slug":"politica-sulla-riservatezza","status":"publish","type":"page","link":"https:\/\/bulksweetener.com\/it\/politica-sulla-riservatezza\/","title":{"rendered":"PRIVACY POLICY"},"content":{"rendered":"<div data-elementor-type=\"wp-page\" data-elementor-id=\"52122\" class=\"elementor elementor-52122\" data-elementor-post-type=\"page\">\n\t\t\t\t<div class=\"elementor-element elementor-element-3d0d3dd e-flex e-con-boxed cmsmasters-block-default e-con e-parent\" data-id=\"3d0d3dd\" data-element_type=\"container\" data-e-type=\"container\">\n\t\t\t\t\t<div class=\"e-con-inner\">\n\t\t\t\t\t<\/div>\n\t\t\t\t<\/div>\n\t\t<div class=\"elementor-element elementor-element-708bc83 e-flex e-con-boxed cmsmasters-block-default e-con e-parent\" data-id=\"708bc83\" data-element_type=\"container\" data-e-type=\"container\">\n\t\t\t\t\t<div class=\"e-con-inner\">\n\t\t\t\t\t<\/div>\n\t\t\t\t<\/div>\n\t\t<div class=\"elementor-element elementor-element-ef0beb4 e-flex e-con-boxed cmsmasters-block-default e-con e-parent\" data-id=\"ef0beb4\" data-element_type=\"container\" data-e-type=\"container\">\n\t\t\t\t\t<div class=\"e-con-inner\">\n\t\t\t\t<div class=\"elementor-element elementor-element-35e4663 cmsmasters-block-default cmsmasters-sticky-default elementor-widget elementor-widget-html\" data-id=\"35e4663\" data-element_type=\"widget\" data-e-type=\"widget\" data-widget_type=\"html.default\">\n\t\t\t\t\t<!-- ============= PAGE 2: PRIVACY POLICY (EN) ============= -->\n<div id=\"privacy-policy\"\n     oncopy=\"return false\" oncut=\"return false\" oncontextmenu=\"return false\" ondragstart=\"return false\"\n     style=\"font-family:Arial, sans-serif; color:#222; line-height:1.6; font-size:15px; -webkit-user-select:none; -moz-user-select:none; -ms-user-select:none; user-select:none;\">\n  <style>\n    #privacy-policy h1, #privacy-policy h2, #privacy-policy h3 { margin:18px 0 8px; }\n    #privacy-policy p, #privacy-policy li { margin:6px 0; }\n    #privacy-policy a { text-decoration:underline; pointer-events:auto; }\n    #privacy-policy .box { background:#fff; border:1px solid #e6e6e6; border-radius:8px; padding:16px; margin:14px 0; }\n    #privacy-policy .muted { color:#666; font-size:13px; }\n  <\/style>\n\n  <h1>politica sulla riservatezza<\/h1>\n\n  <div class=\"box\">\n    <h2>Chi siamo<\/h2>\n    <p>Bulksweetener \u00e8 di propriet\u00e0 di Edulcodiet SL (CIF B55553473), con sede in Catalogna, Spagna. Operiamo in qualit\u00e0 di titolari del trattamento dei dati personali raccolti tramite <a href=\"https:\/\/bulksweetener.com\/it\/\" target=\"_blank\" rel=\"noopener\">bulksweetener.com<\/a>.<\/p>\n    <p><strong>Contatto per la privacy:<\/strong> gestion@edulcodiet.com | +34 977 615 929<\/p>\n  <\/div>\n\n  <div class=\"box\">\n    <h2>Quali dati raccogliamo<\/h2>\n    <ul>\n      <li>Dati identificativi e di contatto (ad esempio nome, azienda, ruolo, e-mail, telefono, paese\/regione).<\/li>\n      <li>Preferenze commerciali (interesse per i prodotti, volumi, casi d&#039;uso) e messaggi inviati.<\/li>\n      <li>Dati tecnici\/di utilizzo relativi agli invii (ora di invio, origine del modulo\/pagina, indirizzo IP) per la sicurezza e l&#039;antispam.<\/li>\n    <\/ul>\n  <\/div>\n\n  <div class=\"box\">\n    <h2>Perch\u00e9 elaboriamo i tuoi dati<\/h2>\n    <ul>\n      <li>Rispondere alle richieste, fornire preventivi\/campioni e gestire le relazioni B2B.<\/li>\n      <li>Inviare aggiornamenti facoltativi sui prodotti B2B, sulla logistica e sulle normative, se acconsenti o laddove consentito dai nostri legittimi interessi.<\/li>\n      <li>Gestire, proteggere e migliorare il nostro sito web, i nostri moduli e i nostri processi CRM.<\/li>\n      <li>Adempiere agli obblighi di legge (fiscali, contabili, di conformit\u00e0).<\/li>\n    <\/ul>\n  <\/div>\n\n  <div class=\"box\">\n    <h2>Basi giuridiche (GDPR UE\/Regno Unito)<\/h2>\n    <ul>\n      <li><strong>Contratto \/ pre-contratto:<\/strong> gestire le vostre richieste di preventivi, campioni o informazioni.<\/li>\n      <li><strong>Interessi legittimi:<\/strong> Gestione dei lead B2B, follow-up e comunicazioni di servizio.<\/li>\n      <li><strong>Consenso:<\/strong> marketing facoltativo e tutti i dati non essenziali che scegli di fornire.<\/li>\n      <li><strong>Obbligo legale:<\/strong> tenuta dei registri e conformit\u00e0.<\/li>\n    <\/ul>\n  <\/div>\n\n  <div class=\"box\">\n    <h2>Responsabili del trattamento e trasferimenti internazionali<\/h2>\n    <p>Utilizziamo HubSpot per moduli, CRM e automazione delle email, e altri provider per hosting, analisi e sicurezza. Laddove i dati vengano trasferiti al di fuori dello SEE\/Regno Unito (ad esempio, negli Stati Uniti), ci affidiamo a misure di sicurezza adeguate (come le clausole contrattuali standard dell&#039;UE\/l&#039;IDTA del Regno Unito e misure supplementari ove necessario).<\/p>\n  <\/div>\n\n  <div class=\"box\">\n    <h2>Conservazione<\/h2>\n    <p>I dati dei potenziali clienti\/lead vengono conservati fino a <strong>24 mesi<\/strong> dall&#039;ultima interazione significativa, o pi\u00f9 a lungo in presenza di un rapporto commerciale attivo o di un obbligo legale. Se annulli l&#039;iscrizione alle comunicazioni di marketing, conserveremo un record minimo di soppressione per onorare la tua scelta.<\/p>\n  <\/div>\n\n  <div class=\"box\">\n    <h2>I tuoi diritti<\/h2>\n    <h3>GDPR UE\/Regno Unito<\/h3>\n    <p>Puoi richiedere l&#039;accesso, la rettifica, la cancellazione, la limitazione, la portabilit\u00e0 o opporti al trattamento (incluso il marketing diretto). Puoi revocare il consenso in qualsiasi momento. Contatti: <strong>gestion@edulcodiet.com<\/strong>. Puoi anche presentare un reclamo all&#039;autorit\u00e0 di controllo.<\/p>\n    <h3>Residenti negli Stati Uniti (ad esempio, California)<\/h3>\n    <p>A seconda della legge del tuo stato, potresti richiedere l&#039;accesso, la correzione, la cancellazione e l&#039;esclusione da determinati trattamenti (ad esempio, pubblicit\u00e0 mirata). Noi lo facciamo <strong>non<\/strong> vendere informazioni personali. Per esercitare i diritti, contattare <strong>gestion@edulcodiet.com<\/strong>. Potremmo adottare misure per verificare la tua identit\u00e0.<\/p>\n  <\/div>\n\n  <div class=\"box\">\n    <h2>Scelte di marketing<\/h2>\n    <p>Puoi annullare l&#039;iscrizione alle email di marketing in qualsiasi momento utilizzando il link di annullamento dell&#039;iscrizione o contattandoci. I messaggi di servizio\/transazionali (preventivi, logistica) potrebbero comunque essere inviati se necessario.<\/p>\n  <\/div>\n\n  <div class=\"box\">\n    <h2>Sicurezza<\/h2>\n    <p>Implementiamo misure di sicurezza amministrative, tecniche e fisiche adeguate al rischio per proteggere i dati personali da accessi non autorizzati, alterazioni, divulgazioni o perdite.<\/p>\n  <\/div>\n\n  <div class=\"box\">\n    <h2>Aggiornamenti<\/h2>\n    <p>Potremmo aggiornare la presente Informativa per riflettere modifiche legali, tecniche o aziendali. Indicheremo la data di entrata in vigore di seguito e, ove opportuno, vi informeremo di eventuali modifiche sostanziali.<\/p>\n    <p class=\"muted\">Ultimo aggiornamento: 27 ottobre 2025<\/p>\n  <\/div>\n<\/div>\n\t\t\t\t<\/div>\n\t\t\t\t\t<\/div>\n\t\t\t\t<\/div>\n\t\t\t\t<\/div>\n\t\t\n\n<div class=\"kk-star-ratings kksr-auto kksr-align-right kksr-valign-bottom\"\n    data-payload='{&quot;align&quot;:&quot;right&quot;,&quot;id&quot;:&quot;52122&quot;,&quot;slug&quot;:&quot;default&quot;,&quot;valign&quot;:&quot;bottom&quot;,&quot;ignore&quot;:&quot;&quot;,&quot;reference&quot;:&quot;auto&quot;,&quot;class&quot;:&quot;&quot;,&quot;count&quot;:&quot;0&quot;,&quot;legendonly&quot;:&quot;&quot;,&quot;readonly&quot;:&quot;&quot;,&quot;score&quot;:&quot;0&quot;,&quot;starsonly&quot;:&quot;&quot;,&quot;best&quot;:&quot;5&quot;,&quot;gap&quot;:&quot;5&quot;,&quot;greet&quot;:&quot;Rate this page&quot;,&quot;legend&quot;:&quot;0\\\/5 - (0 votes)&quot;,&quot;size&quot;:&quot;24&quot;,&quot;title&quot;:&quot;PRIVACY POLICY&quot;,&quot;width&quot;:&quot;0&quot;,&quot;_legend&quot;:&quot;{score}\\\/{best} - ({count} {votes})&quot;,&quot;font_factor&quot;:&quot;1.25&quot;}'>\n            \n<div class=\"kksr-stars\">\n    \n<div class=\"kksr-stars-inactive\">\n            <div class=\"kksr-star\" data-star=\"1\" style=\"padding-right: 5px\">\n            \n\n<div class=\"kksr-icon\" style=\"width: 24px; height: 24px;\"><\/div>\n        <\/div>\n            <div class=\"kksr-star\" data-star=\"2\" style=\"padding-right: 5px\">\n            \n\n<div class=\"kksr-icon\" style=\"width: 24px; height: 24px;\"><\/div>\n        <\/div>\n            <div class=\"kksr-star\" data-star=\"3\" style=\"padding-right: 5px\">\n            \n\n<div class=\"kksr-icon\" style=\"width: 24px; height: 24px;\"><\/div>\n        <\/div>\n            <div class=\"kksr-star\" data-star=\"4\" style=\"padding-right: 5px\">\n            \n\n<div class=\"kksr-icon\" style=\"width: 24px; height: 24px;\"><\/div>\n        <\/div>\n            <div class=\"kksr-star\" data-star=\"5\" style=\"padding-right: 5px\">\n            \n\n<div class=\"kksr-icon\" style=\"width: 24px; height: 24px;\"><\/div>\n        <\/div>\n    <\/div>\n    \n<div class=\"kksr-stars-active\" style=\"width: 0px;\">\n            <div class=\"kksr-star\" style=\"padding-right: 5px\">\n            \n\n<div class=\"kksr-icon\" style=\"width: 24px; height: 24px;\"><\/div>\n        <\/div>\n            <div class=\"kksr-star\" style=\"padding-right: 5px\">\n            \n\n<div class=\"kksr-icon\" style=\"width: 24px; height: 24px;\"><\/div>\n        <\/div>\n            <div class=\"kksr-star\" style=\"padding-right: 5px\">\n            \n\n<div class=\"kksr-icon\" style=\"width: 24px; height: 24px;\"><\/div>\n        <\/div>\n            <div class=\"kksr-star\" style=\"padding-right: 5px\">\n            \n\n<div class=\"kksr-icon\" style=\"width: 24px; height: 24px;\"><\/div>\n        <\/div>\n            <div class=\"kksr-star\" style=\"padding-right: 5px\">\n            \n\n<div class=\"kksr-icon\" style=\"width: 24px; height: 24px;\"><\/div>\n        <\/div>\n    <\/div>\n<\/div>\n                \n\n<div class=\"kksr-legend\" style=\"font-size: 19.2px;\">\n            <span class=\"kksr-muted\">Vota questa pagina<\/span>\n    <\/div>\n    <\/div>","protected":false},"excerpt":{"rendered":"<p>Privacy Policy Who We Are Bulksweetener is owned by Edulcodiet S.L. (CIF B55553473), headquartered in Catalonia, Spain. We act as the data controller for personal data collected through bulksweetener.com. Privacy Contact: gestion@edulcodiet.com &nbsp;|&nbsp; +34 977 615 929 What Data We Collect Identification and contact data (e.g., name, company, role, email, phone, country\/region). Commercial preferences (product&#8230;<\/p>","protected":false},"author":2,"featured_media":0,"parent":0,"menu_order":0,"comment_status":"closed","ping_status":"closed","template":"","meta":{"_acf_changed":false,"content-type":"","footnotes":""},"class_list":["post-52122","page","type-page","status-publish","hentry"],"acf":[],"_links":{"self":[{"href":"https:\/\/bulksweetener.com\/it\/wp-json\/wp\/v2\/pages\/52122","targetHints":{"allow":["GET"]}}],"collection":[{"href":"https:\/\/bulksweetener.com\/it\/wp-json\/wp\/v2\/pages"}],"about":[{"href":"https:\/\/bulksweetener.com\/it\/wp-json\/wp\/v2\/types\/page"}],"author":[{"embeddable":true,"href":"https:\/\/bulksweetener.com\/it\/wp-json\/wp\/v2\/users\/2"}],"replies":[{"embeddable":true,"href":"https:\/\/bulksweetener.com\/it\/wp-json\/wp\/v2\/comments?post=52122"}],"version-history":[{"count":0,"href":"https:\/\/bulksweetener.com\/it\/wp-json\/wp\/v2\/pages\/52122\/revisions"}],"wp:attachment":[{"href":"https:\/\/bulksweetener.com\/it\/wp-json\/wp\/v2\/media?parent=52122"}],"curies":[{"name":"wp","href":"https:\/\/api.w.org\/{rel}","templated":true}]}}