{"id":48437,"date":"2025-06-21T20:05:05","date_gmt":"2025-06-21T20:05:05","guid":{"rendered":"https:\/\/theme-dev.cmsmasters.net\/cargo-trucking\/?page_id=48437"},"modified":"2025-10-27T17:41:22","modified_gmt":"2025-10-27T17:41:22","slug":"fabrica-de-edulcorantes-y-servicios-de-suministro","status":"publish","type":"page","link":"https:\/\/bulksweetener.com\/es_mx\/fabrica-de-edulcorantes-y-servicios-de-suministro\/","title":{"rendered":"Nuestros servicios"},"content":{"rendered":"<div data-elementor-type=\"wp-page\" data-elementor-id=\"48437\" class=\"elementor elementor-48437\" data-elementor-post-type=\"page\">\n\t\t\t\t<div class=\"elementor-element elementor-element-4e9dae5 e-con-full e-flex cmsmasters-bg-hide-none cmsmasters-bg-hide-none cmsmasters-block-default e-con e-parent\" data-id=\"4e9dae5\" data-element_type=\"container\" data-e-type=\"container\" data-settings=\"{&quot;background_background&quot;:&quot;classic&quot;}\">\n\t\t<div class=\"elementor-element elementor-element-9a3200d e-con-full e-flex cmsmasters-block-default e-con e-child\" data-id=\"9a3200d\" data-element_type=\"container\" data-e-type=\"container\">\n\t\t\t\t<div class=\"elementor-element elementor-element-ac5cd6f elementor-widget__width-initial cmsmasters-block-default cmsmasters-sticky-default elementor-invisible elementor-widget elementor-widget-heading\" data-id=\"ac5cd6f\" data-element_type=\"widget\" data-e-type=\"widget\" data-settings=\"{&quot;_animation&quot;:&quot;cmsmasters-fade-in-up&quot;}\" data-widget_type=\"heading.default\">\n\t\t\t\t\t<h1 class=\"elementor-heading-title elementor-size-default\"><div style=\"padding:.35em 1em;border-radius:20px;background:linear-gradient(90deg,#0e7a46,#0b6a35);color:#fff;font-family:system-ui,-apple-system,Segoe UI,Roboto,Arial;font-weight:800;letter-spacing:.02em;line-height:1.2;font-size:clamp(21px,6vw,50px);text-align:center;white-space:normal\">\n  F\u00c1BRICA Y PROVEEDOR DE EDULCORANTES\n<\/div>\n<\/h1>\t\t\t\t<\/div>\n\t\t\t\t<div class=\"elementor-element elementor-element-c875a3f elementor-widget__width-initial cmsmasters-block-default cmsmasters-sticky-default elementor-invisible elementor-widget elementor-widget-text-editor\" data-id=\"c875a3f\" data-element_type=\"widget\" data-e-type=\"widget\" data-settings=\"{&quot;_animation&quot;:&quot;cmsmasters-fade-in-left&quot;}\" data-widget_type=\"text-editor.default\">\n\t\t\t\t\t\t\t\t\t<span style=\"display:inline-block; max-width:900px; padding:1.2em 1.5em;  border-radius:14px; background:rgba(8,45,28,.85); color:#ffffff;  font-family:system-ui,-apple-system,Segoe UI,Roboto,Arial;  font-weight:400; letter-spacing:.01em; line-height:1.55;  font-size:clamp(16px,1.4vw,20px); box-shadow:0 10px 28px rgba(0,0,0,.25);\">\n  Desarrollamos l\u00edneas de edulcorantes de marca blanca para el comercio minorista, creamos formulaciones personalizadas adaptadas a sus objetivos de producto y suministramos ingredientes a granel a precio de f\u00e1brica. Desde la muestra hasta el anaquel, alineamos especificaciones, formatos de empaque y plazos de entrega para que su marca se lance r\u00e1pidamente y crezca con un suministro predecible.\n<\/span>\n\t\t\t\t\t\t\t\t<\/div>\n\t\t\t\t<\/div>\n\t\t<div class=\"elementor-element elementor-element-ee8fc2a e-con-full cmsmasters-effect cmsmasters-effect-type-transform e-flex cmsmasters-effect-hover-type-element cmsmasters-block-default e-con e-child\" data-id=\"ee8fc2a\" data-element_type=\"container\" data-e-type=\"container\" data-settings=\"{&quot;background_background&quot;:&quot;classic&quot;,&quot;position&quot;:&quot;absolute&quot;,&quot;cms_transform_hover_type&quot;:&quot;element&quot;}\">\n\t\t\t\t<\/div>\n\t\t\t\t<\/div>\n\t\t<div class=\"elementor-element elementor-element-b78ab6f e-flex e-con-boxed cmsmasters-block-default e-con e-parent\" data-id=\"b78ab6f\" data-element_type=\"container\" data-e-type=\"container\">\n\t\t\t\t\t<div class=\"e-con-inner\">\n\t\t\t\t<div class=\"elementor-element elementor-element-20b48ed cmsmasters-block-default cmsmasters-sticky-default elementor-widget elementor-widget-heading\" data-id=\"20b48ed\" data-element_type=\"widget\" data-e-type=\"widget\" data-widget_type=\"heading.default\">\n\t\t\t\t\t<h2 class=\"elementor-heading-title elementor-size-default\">Qu\u00e9 hacemos exactamente<\/h2>\t\t\t\t<\/div>\n\t\t\t\t\t<\/div>\n\t\t\t\t<\/div>\n\t\t<div class=\"elementor-element elementor-element-5127e21 e-flex e-con-boxed cmsmasters-block-default e-con e-parent\" data-id=\"5127e21\" data-element_type=\"container\" data-e-type=\"container\">\n\t\t\t\t\t<div class=\"e-con-inner\">\n\t\t<div class=\"elementor-element elementor-element-01426bd e-con-full e-flex cmsmasters-block-default e-con e-child\" data-id=\"01426bd\" data-element_type=\"container\" data-e-type=\"container\">\n\t\t\t\t<div class=\"elementor-element elementor-element-e28085f cmsmasters-clip-path-yes cmsmasters-block-default cmsmasters-sticky-default elementor-widget elementor-widget-image\" data-id=\"e28085f\" data-element_type=\"widget\" data-e-type=\"widget\" data-widget_type=\"image.default\">\n\t\t\t\t\t\t\t\t\t\t\t\t\t\t\t<img fetchpriority=\"high\" decoding=\"async\" width=\"1024\" height=\"1024\" src=\"https:\/\/bulksweetener.com\/wp-content\/uploads\/2025\/09\/bulk-sweetener-service-private-label.webp\" class=\"attachment-full size-full wp-image-51369\" alt=\"Envases de marca privada de una f\u00e1brica de edulcorantes: proveedor profesional de edulcorantes que ofrece formulaciones de stevia y fruta del monje para marcas personalizadas.\" srcset=\"https:\/\/bulksweetener.com\/wp-content\/uploads\/2025\/09\/bulk-sweetener-service-private-label.webp 1024w, https:\/\/bulksweetener.com\/wp-content\/uploads\/2025\/09\/bulk-sweetener-service-private-label-300x300.webp 300w, https:\/\/bulksweetener.com\/wp-content\/uploads\/2025\/09\/bulk-sweetener-service-private-label-100x100.webp 100w, https:\/\/bulksweetener.com\/wp-content\/uploads\/2025\/09\/bulk-sweetener-service-private-label-600x600.webp 600w, https:\/\/bulksweetener.com\/wp-content\/uploads\/2025\/09\/bulk-sweetener-service-private-label-150x150.webp 150w, https:\/\/bulksweetener.com\/wp-content\/uploads\/2025\/09\/bulk-sweetener-service-private-label-768x768.webp 768w, https:\/\/bulksweetener.com\/wp-content\/uploads\/2025\/09\/bulk-sweetener-service-private-label-260x260.webp 260w\" sizes=\"(max-width: 1024px) 100vw, 1024px\" title=\"\">\t\t\t\t\t\t\t\t\t\t\t\t\t\t\t<\/div>\n\t\t\t\t<\/div>\n\t\t<div class=\"elementor-element elementor-element-28ef32f e-con-full e-flex cmsmasters-block-default e-con e-child\" data-id=\"28ef32f\" data-element_type=\"container\" data-e-type=\"container\">\n\t\t\t\t<div class=\"elementor-element elementor-element-9e5d847 elementor-icon-list--layout-traditional elementor-list-item-link-full_width cmsmasters-block-default cmsmasters-sticky-default elementor-invisible elementor-widget elementor-widget-icon-list\" data-id=\"9e5d847\" data-element_type=\"widget\" data-e-type=\"widget\" data-settings=\"{&quot;_animation&quot;:&quot;cmsmasters-fade-in-left&quot;}\" data-widget_type=\"icon-list.default\">\n\t\t\t\t\t\t\t<ul class=\"elementor-icon-list-items\">\n\t\t\t\t\t\t\t<li class=\"elementor-icon-list-item\">\n\t\t\t\t\t\t\t\t\t\t\t<span class=\"elementor-icon-list-icon\">\n\t\t\t\t\t\t\t<i aria-hidden=\"true\" class=\"cmsmsdemo-icon- cmsms-demo-icon-arrows-2\"><\/i>\t\t\t\t\t\t<\/span>\n\t\t\t\t\t\t\t\t\t\t<span class=\"elementor-icon-list-text\">Cont\u00e1ctenos<\/span>\n\t\t\t\t\t\t\t\t\t<\/li>\n\t\t\t\t\t\t<\/ul>\n\t\t\t\t\t\t<\/div>\n\t\t\t\t<div class=\"elementor-element elementor-element-fb40860 cmsmasters-block-default cmsmasters-sticky-default elementor-invisible elementor-widget elementor-widget-heading\" data-id=\"fb40860\" data-element_type=\"widget\" data-e-type=\"widget\" data-settings=\"{&quot;_animation&quot;:&quot;cmsmasters-fade-in-up&quot;,&quot;_animation_delay&quot;:150}\" data-widget_type=\"heading.default\">\n\t\t\t\t\t<h3 class=\"elementor-heading-title elementor-size-default\">Como proveedor confiable de edulcorantes, nos especializamos en soluciones de marca privada para minoristas y marcas que buscan calidad y consistencia.<\/h3>\t\t\t\t<\/div>\n\t\t\t\t<div class=\"elementor-element elementor-element-28ba74a cmsmasters-block-default cmsmasters-sticky-default elementor-invisible elementor-widget elementor-widget-text-editor\" data-id=\"28ba74a\" data-element_type=\"widget\" data-e-type=\"widget\" data-settings=\"{&quot;_animation&quot;:&quot;cmsmasters-fade-in-up&quot;,&quot;_animation_delay&quot;:300}\" data-widget_type=\"text-editor.default\">\n\t\t\t\t\t\t\t\t\t<p>Como proveedor profesional de edulcorantes, ofrecemos edulcorantes de marca privada en cajas de cart\u00f3n con sobres individuales y doypacks resellables de hasta 1 kg, ideales para venta minorista, cocina y uso diario del consumidor.<\/p>\t\t\t\t\t\t\t\t<\/div>\n\t\t\t\t<div class=\"elementor-element elementor-element-30c3c01 cmsmasters-button-align-center cmsmasters-button-mobile-align-center cmsmasters-block-default cmsmasters-sticky-default elementor-invisible elementor-widget elementor-widget-cmsmasters-button\" data-id=\"30c3c01\" data-element_type=\"widget\" data-e-type=\"widget\" data-settings=\"{&quot;_animation&quot;:&quot;cmsmasters-pop-in&quot;,&quot;_animation_delay&quot;:500}\" data-widget_type=\"cmsmasters-button.default\">\n\t\t\t\t\t<div class=\"elementor-widget-cmsmasters-button__button-container\"><div class=\"elementor-widget-cmsmasters-button__button-container-inner\"><a href=\"https:\/\/bulksweetener.com\/es_mx\/contactanos\/\" class=\"cmsmasters-button-link elementor-widget-cmsmasters-button__button cmsmasters-icon-view- cmsmasters-icon-shape- cmsmasters-button-size-sm\" role=\"button\" tabindex=\"0\"><span class=\"elementor-widget-cmsmasters-button__content-wrapper cmsmasters-align-icon-\"><span class=\"elementor-widget-cmsmasters-button__text\">Descubra m\u00e1s<\/span><\/span><\/a><\/div><\/div>\t\t\t\t<\/div>\n\t\t\t\t<\/div>\n\t\t\t\t\t<\/div>\n\t\t\t\t<\/div>\n\t\t<div class=\"elementor-element elementor-element-e4cd7cd e-flex e-con-boxed cmsmasters-block-default e-con e-parent\" data-id=\"e4cd7cd\" data-element_type=\"container\" data-e-type=\"container\">\n\t\t\t\t\t<div class=\"e-con-inner\">\n\t\t<div class=\"elementor-element elementor-element-62abf0f e-con-full e-flex cmsmasters-block-default e-con e-child\" data-id=\"62abf0f\" data-element_type=\"container\" data-e-type=\"container\">\n\t\t\t\t<div class=\"elementor-element elementor-element-33b5336 cmsmasters-clip-path-yes cmsmasters-block-default cmsmasters-sticky-default elementor-widget elementor-widget-image\" data-id=\"33b5336\" data-element_type=\"widget\" data-e-type=\"widget\" data-widget_type=\"image.default\">\n\t\t\t\t\t\t\t\t\t\t\t\t\t\t\t<img decoding=\"async\" width=\"1000\" height=\"1000\" src=\"https:\/\/bulksweetener.com\/wp-content\/uploads\/2025\/09\/bulk-sweetener-services-industrial-formats.webp\" class=\"attachment-full size-full wp-image-51377\" alt=\"Envasado de f\u00e1brica de edulcorantes industriales: bolsas a granel de stevia, eritritol, sucralosa y fruta del monje de un proveedor de edulcorantes profesional.\" srcset=\"https:\/\/bulksweetener.com\/wp-content\/uploads\/2025\/09\/bulk-sweetener-services-industrial-formats.webp 1000w, https:\/\/bulksweetener.com\/wp-content\/uploads\/2025\/09\/bulk-sweetener-services-industrial-formats-300x300.webp 300w, https:\/\/bulksweetener.com\/wp-content\/uploads\/2025\/09\/bulk-sweetener-services-industrial-formats-100x100.webp 100w, https:\/\/bulksweetener.com\/wp-content\/uploads\/2025\/09\/bulk-sweetener-services-industrial-formats-600x600.webp 600w, https:\/\/bulksweetener.com\/wp-content\/uploads\/2025\/09\/bulk-sweetener-services-industrial-formats-150x150.webp 150w, https:\/\/bulksweetener.com\/wp-content\/uploads\/2025\/09\/bulk-sweetener-services-industrial-formats-768x768.webp 768w, https:\/\/bulksweetener.com\/wp-content\/uploads\/2025\/09\/bulk-sweetener-services-industrial-formats-260x260.webp 260w\" sizes=\"(max-width: 1000px) 100vw, 1000px\" title=\"\">\t\t\t\t\t\t\t\t\t\t\t\t\t\t\t<\/div>\n\t\t\t\t<\/div>\n\t\t<div class=\"elementor-element elementor-element-db3e631 e-con-full e-flex cmsmasters-block-default e-con e-child\" data-id=\"db3e631\" data-element_type=\"container\" data-e-type=\"container\">\n\t\t\t\t<div class=\"elementor-element elementor-element-79325f2 elementor-icon-list--layout-traditional elementor-list-item-link-full_width cmsmasters-block-default cmsmasters-sticky-default elementor-invisible elementor-widget elementor-widget-icon-list\" data-id=\"79325f2\" data-element_type=\"widget\" data-e-type=\"widget\" data-settings=\"{&quot;_animation&quot;:&quot;cmsmasters-fade-in-left&quot;}\" data-widget_type=\"icon-list.default\">\n\t\t\t\t\t\t\t<ul class=\"elementor-icon-list-items\">\n\t\t\t\t\t\t\t<li class=\"elementor-icon-list-item\">\n\t\t\t\t\t\t\t\t\t\t\t<span class=\"elementor-icon-list-icon\">\n\t\t\t\t\t\t\t<i aria-hidden=\"true\" class=\"cmsmsdemo-icon- cmsms-demo-icon-arrows-2\"><\/i>\t\t\t\t\t\t<\/span>\n\t\t\t\t\t\t\t\t\t\t<span class=\"elementor-icon-list-text\">Cont\u00e1ctenos<\/span>\n\t\t\t\t\t\t\t\t\t<\/li>\n\t\t\t\t\t\t<\/ul>\n\t\t\t\t\t\t<\/div>\n\t\t\t\t<div class=\"elementor-element elementor-element-be731e3 cmsmasters-block-default cmsmasters-sticky-default elementor-invisible elementor-widget elementor-widget-heading\" data-id=\"be731e3\" data-element_type=\"widget\" data-e-type=\"widget\" data-settings=\"{&quot;_animation&quot;:&quot;cmsmasters-fade-in-up&quot;,&quot;_animation_delay&quot;:150}\" data-widget_type=\"heading.default\">\n\t\t\t\t\t<h3 class=\"elementor-heading-title elementor-size-default\">Como f\u00e1brica l\u00edder de edulcorantes, suministramos edulcorantes a granel para uso industrial con calidad constante, disponibilidad confiable y soporte completo de producci\u00f3n.<\/h3>\t\t\t\t<\/div>\n\t\t\t\t<div class=\"elementor-element elementor-element-e282ec4 cmsmasters-block-default cmsmasters-sticky-default elementor-invisible elementor-widget elementor-widget-text-editor\" data-id=\"e282ec4\" data-element_type=\"widget\" data-e-type=\"widget\" data-settings=\"{&quot;_animation&quot;:&quot;cmsmasters-fade-in-up&quot;,&quot;_animation_delay&quot;:300}\" data-widget_type=\"text-editor.default\">\n\t\t\t\t\t\t\t\t\t<p>Nuestra cartera de f\u00e1bricas de edulcorantes abarca eritritol, xilitol, stevia, fruto del monje, sucralosa, acesulfamo K, maltitol, aspartamo y sacarina, adem\u00e1s de mezclas patentadas dise\u00f1adas para un rendimiento confiable y un sabor consistente.<\/p>\t\t\t\t\t\t\t\t<\/div>\n\t\t\t\t<div class=\"elementor-element elementor-element-0371f0b cmsmasters-button-align-center cmsmasters-button-mobile-align-center cmsmasters-block-default cmsmasters-sticky-default elementor-invisible elementor-widget elementor-widget-cmsmasters-button\" data-id=\"0371f0b\" data-element_type=\"widget\" data-e-type=\"widget\" data-settings=\"{&quot;_animation&quot;:&quot;cmsmasters-pop-in&quot;,&quot;_animation_delay&quot;:500}\" data-widget_type=\"cmsmasters-button.default\">\n\t\t\t\t\t<div class=\"elementor-widget-cmsmasters-button__button-container\"><div class=\"elementor-widget-cmsmasters-button__button-container-inner\"><a href=\"https:\/\/bulksweetener.com\/es_mx\/contactanos\/\" class=\"cmsmasters-button-link elementor-widget-cmsmasters-button__button cmsmasters-icon-view- cmsmasters-icon-shape- cmsmasters-button-size-sm\" role=\"button\" tabindex=\"0\"><span class=\"elementor-widget-cmsmasters-button__content-wrapper cmsmasters-align-icon-\"><span class=\"elementor-widget-cmsmasters-button__text\">Descubra m\u00e1s<\/span><\/span><\/a><\/div><\/div>\t\t\t\t<\/div>\n\t\t\t\t<\/div>\n\t\t\t\t\t<\/div>\n\t\t\t\t<\/div>\n\t\t<div class=\"elementor-element elementor-element-b2b0a19 e-flex e-con-boxed cmsmasters-block-default e-con e-parent\" data-id=\"b2b0a19\" data-element_type=\"container\" data-e-type=\"container\">\n\t\t\t\t\t<div class=\"e-con-inner\">\n\t\t<div class=\"elementor-element elementor-element-688b102 e-con-full e-flex cmsmasters-block-default e-con e-child\" data-id=\"688b102\" data-element_type=\"container\" data-e-type=\"container\">\n\t\t\t\t<div class=\"elementor-element elementor-element-6332e77 cmsmasters-clip-path-yes cmsmasters-block-default cmsmasters-sticky-default elementor-widget elementor-widget-image\" data-id=\"6332e77\" data-element_type=\"widget\" data-e-type=\"widget\" data-widget_type=\"image.default\">\n\t\t\t\t\t\t\t\t\t\t\t\t\t\t\t<img decoding=\"async\" width=\"1024\" height=\"1024\" src=\"https:\/\/bulksweetener.com\/wp-content\/uploads\/2025\/09\/bulk-sweetener-services-formulation.webp\" class=\"attachment-full size-full wp-image-51378\" alt=\"Cient\u00edfico de alimentos prueba una formulaci\u00f3n en el laboratorio de una f\u00e1brica de edulcorantes: proceso de control de calidad de un proveedor profesional de edulcorantes.\" srcset=\"https:\/\/bulksweetener.com\/wp-content\/uploads\/2025\/09\/bulk-sweetener-services-formulation.webp 1024w, https:\/\/bulksweetener.com\/wp-content\/uploads\/2025\/09\/bulk-sweetener-services-formulation-300x300.webp 300w, https:\/\/bulksweetener.com\/wp-content\/uploads\/2025\/09\/bulk-sweetener-services-formulation-100x100.webp 100w, https:\/\/bulksweetener.com\/wp-content\/uploads\/2025\/09\/bulk-sweetener-services-formulation-600x600.webp 600w, https:\/\/bulksweetener.com\/wp-content\/uploads\/2025\/09\/bulk-sweetener-services-formulation-150x150.webp 150w, https:\/\/bulksweetener.com\/wp-content\/uploads\/2025\/09\/bulk-sweetener-services-formulation-768x768.webp 768w, https:\/\/bulksweetener.com\/wp-content\/uploads\/2025\/09\/bulk-sweetener-services-formulation-260x260.webp 260w\" sizes=\"(max-width: 1024px) 100vw, 1024px\" title=\"\">\t\t\t\t\t\t\t\t\t\t\t\t\t\t\t<\/div>\n\t\t\t\t<\/div>\n\t\t<div class=\"elementor-element elementor-element-cd07658 e-con-full e-flex cmsmasters-block-default e-con e-child\" data-id=\"cd07658\" data-element_type=\"container\" data-e-type=\"container\">\n\t\t\t\t<div class=\"elementor-element elementor-element-aee4600 elementor-icon-list--layout-traditional elementor-list-item-link-full_width cmsmasters-block-default cmsmasters-sticky-default elementor-invisible elementor-widget elementor-widget-icon-list\" data-id=\"aee4600\" data-element_type=\"widget\" data-e-type=\"widget\" data-settings=\"{&quot;_animation&quot;:&quot;cmsmasters-fade-in-left&quot;}\" data-widget_type=\"icon-list.default\">\n\t\t\t\t\t\t\t<ul class=\"elementor-icon-list-items\">\n\t\t\t\t\t\t\t<li class=\"elementor-icon-list-item\">\n\t\t\t\t\t\t\t\t\t\t\t<span class=\"elementor-icon-list-icon\">\n\t\t\t\t\t\t\t<i aria-hidden=\"true\" class=\"cmsmsdemo-icon- cmsms-demo-icon-arrows-2\"><\/i>\t\t\t\t\t\t<\/span>\n\t\t\t\t\t\t\t\t\t\t<span class=\"elementor-icon-list-text\">Cont\u00e1ctenos<\/span>\n\t\t\t\t\t\t\t\t\t<\/li>\n\t\t\t\t\t\t<\/ul>\n\t\t\t\t\t\t<\/div>\n\t\t\t\t<div class=\"elementor-element elementor-element-f66b0f2 cmsmasters-block-default cmsmasters-sticky-default elementor-invisible elementor-widget elementor-widget-heading\" data-id=\"f66b0f2\" data-element_type=\"widget\" data-e-type=\"widget\" data-settings=\"{&quot;_animation&quot;:&quot;cmsmasters-fade-in-up&quot;,&quot;_animation_delay&quot;:150}\" data-widget_type=\"heading.default\">\n\t\t\t\t\t<h3 class=\"elementor-heading-title elementor-size-default\">Formulaciones de edulcorantes personalizadas dise\u00f1adas para satisfacer las necesidades de sabor, textura y rendimiento de su producto.<\/h3>\t\t\t\t<\/div>\n\t\t\t\t<div class=\"elementor-element elementor-element-4631b83 cmsmasters-block-default cmsmasters-sticky-default elementor-invisible elementor-widget elementor-widget-text-editor\" data-id=\"4631b83\" data-element_type=\"widget\" data-e-type=\"widget\" data-settings=\"{&quot;_animation&quot;:&quot;cmsmasters-fade-in-up&quot;,&quot;_animation_delay&quot;:300}\" data-widget_type=\"text-editor.default\">\n\t\t\t\t\t\t\t\t\t<p data-start=\"90\" data-end=\"496\">Nuestro equipo de expertos desarrolla formulaciones de edulcorantes con el respaldo de un s\u00f3lido equipo de I+D y a\u00f1os de experiencia en el sector. Creamos mezclas que ofrecen un sabor, estabilidad y rendimiento consistentes en todas las aplicaciones. Gracias a nuestra innovaci\u00f3n, control de calidad y soporte t\u00e9cnico internos, ofrecemos soluciones a medida que ayudan a que sus productos destaquen. Conf\u00ede en nosotros para obtener una experiencia confiable desde el concepto hasta la producci\u00f3n.<\/p>\t\t\t\t\t\t\t\t<\/div>\n\t\t\t\t<div class=\"elementor-element elementor-element-fc05129 cmsmasters-button-align-center cmsmasters-button-mobile-align-center cmsmasters-block-default cmsmasters-sticky-default elementor-invisible elementor-widget elementor-widget-cmsmasters-button\" data-id=\"fc05129\" data-element_type=\"widget\" data-e-type=\"widget\" data-settings=\"{&quot;_animation&quot;:&quot;cmsmasters-pop-in&quot;,&quot;_animation_delay&quot;:500}\" data-widget_type=\"cmsmasters-button.default\">\n\t\t\t\t\t<div class=\"elementor-widget-cmsmasters-button__button-container\"><div class=\"elementor-widget-cmsmasters-button__button-container-inner\"><a href=\"https:\/\/bulksweetener.com\/es_mx\/contactanos\/\" class=\"cmsmasters-button-link elementor-widget-cmsmasters-button__button cmsmasters-icon-view- cmsmasters-icon-shape- cmsmasters-button-size-sm\" role=\"button\" tabindex=\"0\"><span class=\"elementor-widget-cmsmasters-button__content-wrapper cmsmasters-align-icon-\"><span class=\"elementor-widget-cmsmasters-button__text\">Descubra m\u00e1s<\/span><\/span><\/a><\/div><\/div>\t\t\t\t<\/div>\n\t\t\t\t<\/div>\n\t\t\t\t\t<\/div>\n\t\t\t\t<\/div>\n\t\t\t\t<\/div>\n\t\t\n\n<div class=\"kk-star-ratings kksr-auto kksr-align-right kksr-valign-bottom\"\n    data-payload='{&quot;align&quot;:&quot;right&quot;,&quot;id&quot;:&quot;48437&quot;,&quot;slug&quot;:&quot;default&quot;,&quot;valign&quot;:&quot;bottom&quot;,&quot;ignore&quot;:&quot;&quot;,&quot;reference&quot;:&quot;auto&quot;,&quot;class&quot;:&quot;&quot;,&quot;count&quot;:&quot;1&quot;,&quot;legendonly&quot;:&quot;&quot;,&quot;readonly&quot;:&quot;&quot;,&quot;score&quot;:&quot;5&quot;,&quot;starsonly&quot;:&quot;&quot;,&quot;best&quot;:&quot;5&quot;,&quot;gap&quot;:&quot;5&quot;,&quot;greet&quot;:&quot;Rate this page&quot;,&quot;legend&quot;:&quot;5\\\/5 - (1 vote)&quot;,&quot;size&quot;:&quot;24&quot;,&quot;title&quot;:&quot;Our Services&quot;,&quot;width&quot;:&quot;142.5&quot;,&quot;_legend&quot;:&quot;{score}\\\/{best} - ({count} {votes})&quot;,&quot;font_factor&quot;:&quot;1.25&quot;}'>\n            \n<div class=\"kksr-stars\">\n    \n<div class=\"kksr-stars-inactive\">\n            <div class=\"kksr-star\" data-star=\"1\" style=\"padding-right: 5px\">\n            \n\n<div class=\"kksr-icon\" style=\"width: 24px; height: 24px;\"><\/div>\n        <\/div>\n            <div class=\"kksr-star\" data-star=\"2\" style=\"padding-right: 5px\">\n            \n\n<div class=\"kksr-icon\" style=\"width: 24px; height: 24px;\"><\/div>\n        <\/div>\n            <div class=\"kksr-star\" data-star=\"3\" style=\"padding-right: 5px\">\n            \n\n<div class=\"kksr-icon\" style=\"width: 24px; height: 24px;\"><\/div>\n        <\/div>\n            <div class=\"kksr-star\" data-star=\"4\" style=\"padding-right: 5px\">\n            \n\n<div class=\"kksr-icon\" style=\"width: 24px; height: 24px;\"><\/div>\n        <\/div>\n            <div class=\"kksr-star\" data-star=\"5\" style=\"padding-right: 5px\">\n            \n\n<div class=\"kksr-icon\" style=\"width: 24px; height: 24px;\"><\/div>\n        <\/div>\n    <\/div>\n    \n<div class=\"kksr-stars-active\" style=\"width: 142.5px;\">\n            <div class=\"kksr-star\" style=\"padding-right: 5px\">\n            \n\n<div class=\"kksr-icon\" style=\"width: 24px; height: 24px;\"><\/div>\n        <\/div>\n            <div class=\"kksr-star\" style=\"padding-right: 5px\">\n            \n\n<div class=\"kksr-icon\" style=\"width: 24px; height: 24px;\"><\/div>\n        <\/div>\n            <div class=\"kksr-star\" style=\"padding-right: 5px\">\n            \n\n<div class=\"kksr-icon\" style=\"width: 24px; height: 24px;\"><\/div>\n        <\/div>\n            <div class=\"kksr-star\" style=\"padding-right: 5px\">\n            \n\n<div class=\"kksr-icon\" style=\"width: 24px; height: 24px;\"><\/div>\n        <\/div>\n            <div class=\"kksr-star\" style=\"padding-right: 5px\">\n            \n\n<div class=\"kksr-icon\" style=\"width: 24px; height: 24px;\"><\/div>\n        <\/div>\n    <\/div>\n<\/div>\n                \n\n<div class=\"kksr-legend\" style=\"font-size: 19.2px;\">\n            5\/5 - (1 vote)    <\/div>\n    <\/div>","protected":false},"excerpt":{"rendered":"<p>SWEETENER FACTORY &amp; SUPPLIER We develop private-label sweetener lines for retail, create custom formulations tailored to your product targets, and supply bulk ingredients at factory pricing. From sample to shelf, we align specs, packaging formats, and lead times\u2014so your brand launches fast and scales with predictable supply. What Exactly We Do Contact Us As a&#8230;<\/p>","protected":false},"author":2,"featured_media":0,"parent":0,"menu_order":0,"comment_status":"closed","ping_status":"closed","template":"","meta":{"_acf_changed":false,"content-type":"","footnotes":""},"class_list":["post-48437","page","type-page","status-publish","hentry"],"acf":[],"_links":{"self":[{"href":"https:\/\/bulksweetener.com\/es_mx\/wp-json\/wp\/v2\/pages\/48437","targetHints":{"allow":["GET"]}}],"collection":[{"href":"https:\/\/bulksweetener.com\/es_mx\/wp-json\/wp\/v2\/pages"}],"about":[{"href":"https:\/\/bulksweetener.com\/es_mx\/wp-json\/wp\/v2\/types\/page"}],"author":[{"embeddable":true,"href":"https:\/\/bulksweetener.com\/es_mx\/wp-json\/wp\/v2\/users\/2"}],"replies":[{"embeddable":true,"href":"https:\/\/bulksweetener.com\/es_mx\/wp-json\/wp\/v2\/comments?post=48437"}],"version-history":[{"count":0,"href":"https:\/\/bulksweetener.com\/es_mx\/wp-json\/wp\/v2\/pages\/48437\/revisions"}],"wp:attachment":[{"href":"https:\/\/bulksweetener.com\/es_mx\/wp-json\/wp\/v2\/media?parent=48437"}],"curies":[{"name":"wp","href":"https:\/\/api.w.org\/{rel}","templated":true}]}}